{"id":2938,"date":"2020-12-15T19:51:08","date_gmt":"2020-12-15T18:51:08","guid":{"rendered":"https:\/\/gotthardskrog.demo.simonsson.com\/vinlista\/"},"modified":"2025-06-09T14:15:27","modified_gmt":"2025-06-09T12:15:27","slug":"vinlista","status":"publish","type":"page","link":"https:\/\/gotthardskrog.se\/en\/square\/vinlista\/","title":{"rendered":"Vinlista"},"content":{"rendered":"\n<h1 class=\"has-text-align-center wp-block-heading\">Vinlista<\/h1>\n\n\n\n<p class=\"has-text-align-center\">God dryck \u00e4r viktigt. Det ska smaka gott och g\u00f6ra gott, f\u00f6r dig som g\u00e4st och f\u00f6r omv\u00e4rlden. V\u00e5r vinlista \u00e4r fylld med duktiga vinmakare och producenter som p\u00e5 olika s\u00e4tt tar ansvar och v\u00e4rnar om kvalitet, milj\u00f6 och omgivning. Det finns m\u00e5nga vinmakare som odlar biodynamiskt men de m\u00e4rker inte alltid ut det p\u00e5 flaskan \u2013 s\u00e5 de g\u00e4ller att ha koll, och det har vi. I v\u00e5r vink\u00e4llare samlar vi n\u00e5gra riktigt l\u00e4ckra rariteter och oanade skatter. Fr\u00e5ga oss g\u00e4rna f\u00f6r v\u00e4gledning.<\/p>\n","protected":false},"excerpt":{"rendered":"<p>Vinlista God dryck \u00e4r viktigt. Det ska smaka gott och g\u00f6ra gott, f\u00f6r dig som g\u00e4st och f\u00f6r omv\u00e4rlden. V\u00e5r vinlista \u00e4r fylld med&#8230;<\/p>\n","protected":false},"author":1,"featured_media":0,"parent":2777,"menu_order":0,"comment_status":"closed","ping_status":"closed","template":"wine.php","meta":{"_acf_changed":false,"footnotes":""},"class_list":["post-2938","page","type-page","status-publish","hentry"],"acf":[],"yoast_head":"<!-- This site is optimized with the Yoast SEO plugin v23.1 - https:\/\/yoast.com\/wordpress\/plugins\/seo\/ -->\n<title>Vinlista &#8211; Gotthards Krog<\/title>\n<meta name=\"description\" content=\"Explore our wine list \u2013 a curated selection of sustainable and organic wines from around the world, by the glass or bottle.\" \/>\n<meta name=\"robots\" content=\"index, follow, max-snippet:-1, max-image-preview:large, max-video-preview:-1\" \/>\n<link rel=\"canonical\" href=\"https:\/\/gotthardskrog.se\/en\/square\/vinlista\/\" \/>\n<meta property=\"og:locale\" content=\"en_US\" \/>\n<meta property=\"og:type\" content=\"article\" \/>\n<meta property=\"og:title\" content=\"Vinlista &#8211; Gotthards Krog\" \/>\n<meta property=\"og:description\" content=\"Explore our wine list \u2013 a curated selection of sustainable and organic wines from around the world, by the glass or bottle.\" \/>\n<meta property=\"og:url\" content=\"https:\/\/gotthardskrog.se\/en\/square\/vinlista\/\" \/>\n<meta property=\"og:site_name\" content=\"Gotthards Krog\" \/>\n<meta property=\"article:publisher\" content=\"https:\/\/www.facebook.com\/gotthardskrogumea\/\" \/>\n<meta property=\"article:modified_time\" content=\"2025-06-09T12:15:27+00:00\" \/>\n<meta name=\"twitter:card\" content=\"summary_large_image\" \/>\n<meta name=\"twitter:label1\" content=\"Est. reading time\" \/>\n\t<meta name=\"twitter:data1\" content=\"1 minute\" \/>\n<script type=\"application\/ld+json\" class=\"yoast-schema-graph\">{\"@context\":\"https:\/\/schema.org\",\"@graph\":[{\"@type\":\"WebPage\",\"@id\":\"https:\/\/gotthardskrog.se\/en\/square\/vinlista\/\",\"url\":\"https:\/\/gotthardskrog.se\/en\/square\/vinlista\/\",\"name\":\"Vinlista &#8211; Gotthards Krog\",\"isPartOf\":{\"@id\":\"https:\/\/gotthardskrog.se\/#website\"},\"datePublished\":\"2020-12-15T18:51:08+00:00\",\"dateModified\":\"2025-06-09T12:15:27+00:00\",\"description\":\"Explore our wine list \u2013 a curated selection of sustainable and organic wines from around the world, by the glass or bottle.\",\"breadcrumb\":{\"@id\":\"https:\/\/gotthardskrog.se\/en\/square\/vinlista\/#breadcrumb\"},\"inLanguage\":\"en-US\",\"potentialAction\":[{\"@type\":\"ReadAction\",\"target\":[\"https:\/\/gotthardskrog.se\/en\/square\/vinlista\/\"]}]},{\"@type\":\"BreadcrumbList\",\"@id\":\"https:\/\/gotthardskrog.se\/en\/square\/vinlista\/#breadcrumb\",\"itemListElement\":[{\"@type\":\"ListItem\",\"position\":1,\"name\":\"Hem\",\"item\":\"https:\/\/gotthardskrog.se\/en\/\"},{\"@type\":\"ListItem\",\"position\":2,\"name\":\"The Square\",\"item\":\"https:\/\/gotthardskrog.se\/en\/square\/\"},{\"@type\":\"ListItem\",\"position\":3,\"name\":\"Vinlista\"}]},{\"@type\":\"WebSite\",\"@id\":\"https:\/\/gotthardskrog.se\/#website\",\"url\":\"https:\/\/gotthardskrog.se\/\",\"name\":\"Gotthards Krog\",\"description\":\"\",\"potentialAction\":[{\"@type\":\"SearchAction\",\"target\":{\"@type\":\"EntryPoint\",\"urlTemplate\":\"https:\/\/gotthardskrog.se\/?s={search_term_string}\"},\"query-input\":\"required name=search_term_string\"}],\"inLanguage\":\"en-US\"}]}<\/script>\n<!-- \/ Yoast SEO plugin. -->","yoast_head_json":{"title":"Vinlista &#8211; Gotthards Krog","description":"Explore our wine list \u2013 a curated selection of sustainable and organic wines from around the world, by the glass or bottle.","robots":{"index":"index","follow":"follow","max-snippet":"max-snippet:-1","max-image-preview":"max-image-preview:large","max-video-preview":"max-video-preview:-1"},"canonical":"https:\/\/gotthardskrog.se\/en\/square\/vinlista\/","og_locale":"en_US","og_type":"article","og_title":"Vinlista &#8211; Gotthards Krog","og_description":"Explore our wine list \u2013 a curated selection of sustainable and organic wines from around the world, by the glass or bottle.","og_url":"https:\/\/gotthardskrog.se\/en\/square\/vinlista\/","og_site_name":"Gotthards Krog","article_publisher":"https:\/\/www.facebook.com\/gotthardskrogumea\/","article_modified_time":"2025-06-09T12:15:27+00:00","twitter_card":"summary_large_image","twitter_misc":{"Est. reading time":"1 minute"},"schema":{"@context":"https:\/\/schema.org","@graph":[{"@type":"WebPage","@id":"https:\/\/gotthardskrog.se\/en\/square\/vinlista\/","url":"https:\/\/gotthardskrog.se\/en\/square\/vinlista\/","name":"Vinlista &#8211; Gotthards Krog","isPartOf":{"@id":"https:\/\/gotthardskrog.se\/#website"},"datePublished":"2020-12-15T18:51:08+00:00","dateModified":"2025-06-09T12:15:27+00:00","description":"Explore our wine list \u2013 a curated selection of sustainable and organic wines from around the world, by the glass or bottle.","breadcrumb":{"@id":"https:\/\/gotthardskrog.se\/en\/square\/vinlista\/#breadcrumb"},"inLanguage":"en-US","potentialAction":[{"@type":"ReadAction","target":["https:\/\/gotthardskrog.se\/en\/square\/vinlista\/"]}]},{"@type":"BreadcrumbList","@id":"https:\/\/gotthardskrog.se\/en\/square\/vinlista\/#breadcrumb","itemListElement":[{"@type":"ListItem","position":1,"name":"Hem","item":"https:\/\/gotthardskrog.se\/en\/"},{"@type":"ListItem","position":2,"name":"The Square","item":"https:\/\/gotthardskrog.se\/en\/square\/"},{"@type":"ListItem","position":3,"name":"Vinlista"}]},{"@type":"WebSite","@id":"https:\/\/gotthardskrog.se\/#website","url":"https:\/\/gotthardskrog.se\/","name":"Gotthards Krog","description":"","potentialAction":[{"@type":"SearchAction","target":{"@type":"EntryPoint","urlTemplate":"https:\/\/gotthardskrog.se\/?s={search_term_string}"},"query-input":"required name=search_term_string"}],"inLanguage":"en-US"}]}},"_links":{"self":[{"href":"https:\/\/gotthardskrog.se\/en\/wp-json\/wp\/v2\/pages\/2938","targetHints":{"allow":["GET"]}}],"collection":[{"href":"https:\/\/gotthardskrog.se\/en\/wp-json\/wp\/v2\/pages"}],"about":[{"href":"https:\/\/gotthardskrog.se\/en\/wp-json\/wp\/v2\/types\/page"}],"author":[{"embeddable":true,"href":"https:\/\/gotthardskrog.se\/en\/wp-json\/wp\/v2\/users\/1"}],"replies":[{"embeddable":true,"href":"https:\/\/gotthardskrog.se\/en\/wp-json\/wp\/v2\/comments?post=2938"}],"version-history":[{"count":1,"href":"https:\/\/gotthardskrog.se\/en\/wp-json\/wp\/v2\/pages\/2938\/revisions"}],"predecessor-version":[{"id":2940,"href":"https:\/\/gotthardskrog.se\/en\/wp-json\/wp\/v2\/pages\/2938\/revisions\/2940"}],"up":[{"embeddable":true,"href":"https:\/\/gotthardskrog.se\/en\/wp-json\/wp\/v2\/pages\/2777"}],"wp:attachment":[{"href":"https:\/\/gotthardskrog.se\/en\/wp-json\/wp\/v2\/media?parent=2938"}],"curies":[{"name":"wp","href":"https:\/\/api.w.org\/{rel}","templated":true}]}}